{"id":1265,"date":"2024-03-27T08:17:14","date_gmt":"2024-03-27T08:17:14","guid":{"rendered":"https:\/\/seeappartement-marina.at\/datenschutzerklaerung\/"},"modified":"2024-03-27T08:38:14","modified_gmt":"2024-03-27T08:38:14","slug":"dsgvo","status":"publish","type":"page","link":"https:\/\/seeappartement-marina.at\/en\/dsgvo\/","title":{"rendered":"Privacy Policy"},"content":{"rendered":"\n[et_pb_section][et_pb_row][et_pb_column type=&#8220;4_4&#8243;][et_pb_text]<h1>Datenschutzerkl\u00e4rung<\/h1><p><p>In dieser Datenschutzerkl\u00e4rung informieren wir Sie \u00fcber die Verarbeitung Ihrer personenbezogenen Daten.<\/p><p> Sofern Sie Ihre Datenschutzeinstellungen \u00e4ndern m\u00f6chten (Einwilligungen erteilen oder bereits erteilte Einwilligungen widerrufen), klicken Sie <a target=\"_blank\" href=\"#\" class=\"sp-dsgvo-show-privacy-popup\">hier<\/a> um Ihre Einstellungen zu \u00e4ndern.<\/p><h2>Verantwortlich<\/h2><p>Gerda Gross, Seeappartement Marina, Hauptstra\u00dfe 233, 9210 P\u00f6rtschach am W\u00f6rthersee, \u00d6sterreich, <a href=\"mailto:urlaub@seeappartement-marina.at\">urlaub@seeappartement-marina.at<\/a>, +43 (0) 664 \/ 145 01 04<\/p><h2>Hosting Provider<\/h2><h3>Mana-I Navodaya GmbH<\/h3><p><p>Wir hosten unsere Website bei unserem Auftragsverarbeiter <a href=\"https:\/\/mana-i.at\/\">Mana-I Navodaya GmbH<\/a>, Suppanstra\u00dfe 69, Business Campus Ehrenhausen, 9020 Klagenfurt am W\u00f6rthersee, \u00d6sterreich.<p><p>Zum Zweck der Bereitstellung und der Auslieferung der Website werden Verbindungsdaten verarbeitet. Zum blo\u00dfen Zweck der Auslieferung und Bereitstellung der Website werden die Daten \u00fcber den Aufruf hinaus nicht gespeichert.<\/p><p>Die Rechtsgrundlage f\u00fcr die Datenverarbeitung ist das berechtigte Interesse (unbedingte technische Notwendigkeit zur Bereitstellung und Auslieferung des von Ihnen durch Ihren Aufruf ausdr\u00fccklich gew\u00fcnschten Dienstes &#8222;Website&#8220;) gem\u00e4\u00df Art. 6 Abs. 1 lit. f DSGVO.<\/p><p>Zum Betrieb der Website werden die Verbindungsdaten und weitere personenbezogenen Daten zus\u00e4tzlich im Rahmen diverser anderer Funktionen bzw. Dienste verarbeitet. Dar\u00fcber wird im Rahmen dieser Datenschutzerkl\u00e4rung bei den einzelnen Funktionen bzw. Diensten im Detail informiert.<\/p><\/p><h2>Kontaktformular<\/h2><p><p>Auf unserer Website besteht die M\u00f6glichkeit, durch ein Kontaktformular direkt mit uns in Kontakt zu treten. Nach Absenden des Kontaktformulars erfolgt eine Verarbeitung der von Ihnen eingegebenen personenbezogenen Daten durch den Verantwortlichen zum Zweck der Bearbeitung Ihrer Anfrage auf Grundlage der von Ihnen durch das Absenden des Formulars erteilten Einwilligung gem. Art. 6 Abs. 1 lit. a DSGVO bis auf Widerruf.<br \/>Es besteht keine gesetzliche oder vertragliche Verpflichtung zur Bereitstellung der personenbezogenen Daten. Die Nichtbereitstellung hat lediglich zur Folge, dass Sie Ihr Anliegen nicht \u00fcbermitteln und wir dieses nicht bearbeiten k\u00f6nnen.<\/p><\/p><h2>Registrierungsformular<\/h2><p><p>Wir bieten Ihnen auf unserer Website eine Registrierungsm\u00f6glichkeit. Nach Absenden der Registrierung erfolgt eine Verarbeitung der im Registrierungsformular angef\u00fchrten Daten durch uns zum Zweck der Vertragserf\u00fcllung auf Grundlage des mit der Registrierung abgeschlossenen Vertrages gem. Art. 6 Abs. 1 lit. b DSGVO f\u00fcr die Vertragslaufzeit. <\/p><p>Es besteht keine gesetzliche oder vertragliche Verpflichtung zur Bereitstellung der personenbezogenen Daten. Die Nichtbereitstellung hat lediglich zur Folge, dass keine Registrierung m\u00f6glich ist.<\/p><p> Eine Daten\u00fcbermittlung an Dritte erfolgt nicht.<\/p><\/p><h2>Sicherheitsdienste<\/h2><p><p>Auf dieser Website nutzen wir zur Vermeidung von nicht menschlichen und automatisierten Eingaben das Angebot von Sicherheitsdienstleistern wie Captcha-Diensten.<\/p><\/p><h3>Google reCAPTCHA<\/h3><p><p>Im Fall der Erteilung Ihrer Einwilligung verarbeiten wir mit dem Dienst <a target=\"_blank\" href=\"https:\/\/www.google.com\/recaptcha\/intro\/v3.html\">Google reCaptcha<\/a>, Google Ireland Limited, Gordon House, Barrow Street, Dublin 4, Irland als gemeinsame Verantwortliche Ihre personenbezogenen Daten zum Zweck der Vermeidung nicht menschlicher und automatisierter Eingaben. Dabei erm\u00f6glichen wir dem Dienst das Setzen von Cookies, die Erhebung von Verbindungsdaten und Daten ihres Webbrowsers. Zudem erm\u00f6glichen wir dem Dienst die Berechnung einer User-ID zur eindeutigen Identifizierung des Users im Rahmen des von Google betriebenen Werbenetzwerkes. Daten werden auf Ihrem Ger\u00e4t f\u00fcr die Dauer von bis zu zwei Jahren gespeichert.<\/p> <p>Die Rechtsgrundlage f\u00fcr die Datenverarbeitung ist Ihre Einwilligung gem\u00e4\u00df Art. 6 Abs 1 lit. a DSGVO. Die Nichterteilung der Einwilligung hat zur Folge, dass die Nutzung von reCaptcha und damit verbundenen Formularen nicht m\u00f6glich ist.<\/p><p>Eine bereits erteilte Einwilligung k\u00f6nnen Sie widerrufen, indem Sie die <a target=\"_blank\" class=\"lwb-ppsp\" href=\"#\" title=\"Datenschutzeinstellungen\">Datenschutzeinstellungen<\/a> \u00e4ndern.<\/p><p>Der Google Konzern \u00fcbermittelt Ihre personenbezogenen Daten in die USA. Die Rechtsgrundlage f\u00fcr die Daten\u00fcbermittlung in die USA ist Ihre Einwilligung gem\u00e4\u00df Art. 49 Abs 1 lit a iVm Art. 6 Abs 1 lit a DSGVO in Verbindung mit \u00a725 TTDSG. Sie wurden bereits vor Erteilung Ihrer Einwilligung informiert, dass die USA \u00fcber kein den Standards der EU entsprechendes Datenschutzniveau verf\u00fcgt. Insbesondere k\u00f6nnen US Geheimdienste auf Ihre Daten zugreifen, ohne dass Sie dar\u00fcber informiert werden und ohne dass Sie dagegen rechtlich vorgehen k\u00f6nnen. Der Europ\u00e4ische Gerichtshof hat aus diesem Grund in einem Urteil den fr\u00fcheren Angemessenheitsbeschluss (Privacy Shield) f\u00fcr ung\u00fcltig erkl\u00e4rt.<\/p><\/p><h2>Embeddings<\/h2><h3>Google Maps<\/h3><p><p>Im Fall der Erteilung Ihrer Einwilligung verarbeiten wir mit dem Dienst <a target=\"_blank\" href=\"https:\/\/www.google.at\/maps\">Google Maps<\/a>, Google LLC, Amphitheatre Parkway, Mountain View, CA 94043, USA, als gemeinsame Verantwortliche Ihre personenbezogenen Daten zum Zweck der Anzeige interaktiver Karten auf unserer Website.<\/p><p>Wir erm\u00f6glichen dem Dienst die Erhebung von Verbindungsdaten, die Erhebung von Daten ihres Webbrowsers sowie die Platzierung eines Werbecookies. Durch die Platzierung von Werbecookies ist es Google m\u00f6glich, f\u00fcr jeden Nutzer eine individuelle User-ID zu berechnen. Diese zur eindeutigen Identifizierung geeigneten personenbezogenen Daten werden sodann im Rahmen des von Google betriebenen Werbenetzwerks verarbeitet.<\/p><p>Soweit durch Google eine weitergehende eigenst\u00e4ndige Verarbeitung der Daten insbesondere im Rahmen des Werbenetzwerkes von Google erfolgt, ist Google daf\u00fcr alleinige Verantwortliche. Details finden Sie in der <a target=\"_blank\" href=\"https:\/\/policies.google.com\/privacy?gl=AT&amp;hl=de#intro\">Datenschutzerkl\u00e4rung<\/a> von Google.<\/p><p>Die Nichterteilung der Einwilligung hat lediglich zur Folge, dass Ihnen der Dienst Google Maps nicht zur Verf\u00fcgung gestellt wird. Eine bereits erteilte Einwilligung k\u00f6nnen Sie widerrufen, indem Sie die <a target=\"_blank\" class=\"lwb-ppsp\" href=\"#\" title=\"Datenschutzeinstellungen\">Datenschutzeinstellungen<\/a> \u00e4ndern.<\/p><p>Die Rechtsgrundlage f\u00fcr die Datenverarbeitung ist Ihre Einwilligung gem\u00e4\u00df Art. 6 Abs 1 lit. a DSGVO.<\/p> <p>Der Google Konzern \u00fcbermittelt Ihre personenbezogenen Daten in die USA. Die Rechtsgrundlage f\u00fcr die Daten\u00fcbermittlung in die USA ist Ihre Einwilligung gem\u00e4\u00df Art. 49 Abs 1 lit a iVm Art. 6 Abs 1 lit a DSGVO in Verbindung mit \u00a725 TTDSG. Sie wurden bereits vor Erteilung Ihrer Einwilligung informiert, dass die USA \u00fcber kein den Standards der EU entsprechendes Datenschutzniveau verf\u00fcgt. Insbesondere k\u00f6nnen US Geheimdienste auf Ihre Daten zugreifen, ohne dass Sie dar\u00fcber informiert werden und ohne dass Sie dagegen rechtlich vorgehen k\u00f6nnen. Der Europ\u00e4ische Gerichtshof hat aus diesem Grund in einem Urteil den fr\u00fcheren Angemessenheitsbeschluss (Privacy Shield) f\u00fcr ung\u00fcltig erkl\u00e4rt.<\/p><\/p><h2>Analysedienste<\/h2><h3>WP Statistics<\/h3><p><p>Zum Zweck der Suche und Analyse von Fehlern, der Auswertung der Nutzung und der Ableitung von Ma\u00dfnahmen zur zuk\u00fcnftigen Weiterentwicklung unserer Website verarbeiten wir Ihre Daten mit Hilfe der lokalen Analysesoftware <a target=\"_blank\" href=\"https:\/\/wordpress.org\/plugins\/wp-statistics\/\">WP-Statistics<\/a>, WordPress.<\/p><p>Da es sich bei diesem Dienst um ein lokales Analysetool handelt, werden keinerlei personenbezogene Daten an den Diensteanbieter oder an Dritte weitergeleitet. Zudem werden Ihre personenbezogenen Daten unmittelbar nach Erhebung anonymisiert. Eine \u00fcber den ersten Verarbeitungsschritt hinausgehende Speicherung von personenbezogenen Daten findet daher nicht statt.<\/p><p>Die Rechtsgrundlage f\u00fcr die Datenverarbeitung ist das berechtigte Interesse (unbedingte technische Notwendigkeit zur Bereitstellung und Auslieferung des von Ihnen durch Ihren Aufruf ausdr\u00fccklich gew\u00fcnschten Dienstes &#8222;Website&#8220;) gem\u00e4\u00df Art. 6 Abs. 1 lit. f DSGVO.<\/p><\/p><h2>Widerspruchsrecht<\/h2><p><p>Sofern die Verarbeitung Ihrer personenbezogenen Daten auf Grundlage des berechtigten Interesses erfolgt, haben Sie das Recht gegen diese Verarbeitung zu widersprechen.<\/p><p>Sofern keine zwingenden schutzw\u00fcrdigen Gr\u00fcnde f\u00fcr die Verarbeitung unsererseits vorliegen, wird die Verarbeitung Ihrer Daten auf Basis dieser Rechtsgrundlage eingestellt.<\/p><p>Zudem haben Sie das Recht, der Verarbeitung Ihrer personenbezogenen Daten zum Zweck der Direktwerbung zu widersprechen. Im Fall des Widerspruchs werden Ihre personenbezogenen Daten nicht mehr zum Zweck der Direktwerbung verarbeitet.<\/p><p>Die Rechtm\u00e4\u00dfigkeit der bis zum Widerspruch verarbeiteten Daten wird durch den Widerspruch nicht ber\u00fchrt.<\/p><\/p><h2>Widerrufsrecht<\/h2><p><p>Sie haben das Recht eine bereits erteilte Einwilligung jederzeit zu widerrufen, indem Sie die <a target=\"_blank\" class=\"lwb-ppsp\" href=\"#\" title=\"Datenschutzeinstellungen\">Datenschutzeinstellungen<\/a> \u00e4ndern.<\/p><p>Im Fall der Einwilligung in den Erhalt elektronischer Werbung kann der Widerruf Ihrer Einwilligung durch Klick auf den Abmeldelink erfolgen. In diesem Fall wird eine Verarbeitung, sofern keine andere Rechtsgrundlage besteht, eingestellt.<\/p><p>Die Rechtm\u00e4\u00dfigkeit der bis zum Widerruf verarbeiteten Daten wird durch den Widerruf nicht ber\u00fchrt.<\/p><\/p><h2>Betroffenenrechte<\/h2><p><p>Sie haben zudem das Recht auf Auskunft, Berichtigung, L\u00f6schung und Einschr\u00e4nkung der Verarbeitung der personenbezogenen Daten.<\/p><p>Soweit die Rechtsgrundlage der Verarbeitung Ihrer personenbezogenen Daten in Ihrer Einwilligung oder in einem mit Ihnen abgeschlossenen Vertrag besteht, haben Sie \u00fcberdies das Recht auf Daten\u00fcbertragbarkeit. <\/p><p>Weiters haben Sie das Recht auf Beschwerde bei der Aufsichtsbeh\u00f6rde. N\u00e4here Informationen zu den Aufsichtsbeh\u00f6rden in der Europ\u00e4ischen Union finden Sie <a target=\"_blank\" href=\"https:\/\/ec.europa.eu\/justice\/article-29\/structure\/data-protection-authorities\/index_en.htm\" title=\"Datenschutzbeh\u00f6rden\">hier<\/a>.<\/p><\/p>[\/et_pb_text][\/et_pb_column][\/et_pb_row][\/et_pb_section]\n","protected":false},"excerpt":{"rendered":"<p><div class=\"et_pb_section et_pb_section_0 et_section_regular\" >\n\t\t\t\t\n\t\t\t\t\n\t\t\t\t\n\t\t\t\t\n\t\t\t\t\n\t\t\t\t\n\t\t\t\t\n\t\t\t\t\n\t\t\t\t\n\t\t\t<\/div><div class=\"et_pb_row et_pb_row_0 et_pb_row_empty\">\n\t\t\t\t\n\t\t\t\t\n\t\t\t\t\n\t\t\t\t\n\t\t\t\t\n\t\t\t<\/div><div class=\"et_pb_module et_pb_text et_pb_text_0  et_pb_text_align_left et_pb_bg_layout_light\">\n\t\t\t\t\n\t\t\t\t\n\t\t\t\t\n\t\t\t\t\n\t\t\t\t\n\t\t\t<\/div><h1>Privacy Policy<\/h1>\n<p><p>In this privacy policy, we inform you about the processing of your personal data.<\/p>\n<p class=\"translation-block\">If you wish to change your privacy settings (grant or revoke consents already given), click <a target=\"_blank\" href=\"#\" class=\"sp-dsgvo-show-privacy-popup\">here<\/a> to change your settings.<\/p>\n<h2>Verantwortlich<\/h2>\n<p>Gerda Gross, Seeappartement Marina, Hauptstra\u00dfe 233, 9210 P\u00f6rtschach am W\u00f6rthersee, \u00d6sterreich, <a href=\"mailto:urlaub@seeappartement-marina.at\">urlaub@seeappartement-marina.at<\/a>, +43 (0) 664 \/ 145 01 04<\/p>\n<h2>Hosting Provider<\/h2>\n<h3>Mana-I Navodaya GmbH<\/h3>\n<p><p>Wir hosten unsere Website bei unserem Auftragsverarbeiter <a href=\"https:\/\/mana-i.at\/\">Mana-I Navodaya GmbH<\/a>, Suppanstra\u00dfe 69, Business Campus Ehrenhausen, 9020 Klagenfurt am W\u00f6rthersee, \u00d6sterreich.<\/p>\n<p><p>Connection data is processed for the purpose of providing and delivering the website. The data will not be stored beyond the call for the mere purpose of providing and delivering the website.<\/p>\n<p>The legal basis for the data processing is the legitimate interest (absolute technical necessity to provide and deliver the service you explicitly requested by accessing it) pursuant to Art. 6 para. 1 lit. f GDPR.<\/p>\n<p>Connection data and other personal data are additionally processed within the scope of various other functions or services for the operation of the website. Details are provided in this privacy policy for the respective functions or services.<\/p>\n<\/p>\n<h2>Kontaktformular<\/h2>\n<p><p class=\"translation-block\">Our website offers a contact form to get in touch with us directly. After submitting the contact form, the controller will process the personal data you entered for the purpose of handling your request based on the consent you gave by submitting the form pursuant to Art. 6 para. 1 lit. a GDPR until revoked. There is no legal or contractual obligation to provide personal information. Not providing your personal data will only result in you not submitting your request and us not being able to process it.<\/p>\n<\/p>\n<h2>Registrierungsformular<\/h2>\n<p><p>We offer a registration option on our website. After submitting the registration, we will process the data provided in the registration form for the purpose of fulfilling the contract based on the contract concluded with the registration pursuant to Art. 6 para. 1 lit. b GDPR for the duration of the contract. <\/p>\n<p>There is no legal or contractual obligation to provide personal information. Not providing your personal data will only result in no registration being possible.<\/p>\n<p> There is no transmission of data to third parties.<\/p>\n<\/p>\n<h2>Sicherheitsdienste<\/h2>\n<p><p>On this website, we use security service providers such as Captcha services to prevent non-human and automated entries.<\/p>\n<\/p>\n<h3>Google reCAPTCHA<\/h3>\n<p><p class=\"translation-block\">With your consent, we process your personal data using <a target=\"_blank\" href=\"https:\/\/www.google.com\/recaptcha\/intro\/v3.html\">Google reCaptcha<\/a>, Google Ireland Limited, Gordon House, Barrow Street, Dublin 4, Ireland as joint controllers for the purpose of preventing non-human and automated entries. This allows the service to set cookies, collect connection data and browser information. The service is also allowed to calculate a user ID for identifying users within Google's advertising network. Data will be stored on your device for up to two years.<\/p>\n<p>The legal basis for data processing is your consent according to Art. 6 para. 1 lit. a GDPR. Not giving your consent will result in not being able to use reCAPTCHA and associated forms.<\/p>\n<p class=\"translation-block\">You can revoke your consent at any time by changing your <a target=\"_blank\" class=\"lwb-ppsp\" href=\"#\" title=\"privacy settings\">privacy settings<\/a>.<\/p>\n<p>The Google group transfers your personal data to the USA. The legal basis for data transfer to the USA is your consent according to Art. 49 para. 1 lit. a in conjunction with Art. 6 para. 1 lit. a GDPR in connection with \u00a725 TTDSG. You were informed before giving your consent that the USA lacks an EU-level data protection standard. US authorities may access your data without you being informed or having legal recourse. For this reason, the European Court of Justice declared the former adequacy decision (Privacy Shield) invalid.<\/p>\n<\/p>\n<h2>Embeddings<\/h2>\n<h3>Google Maps<\/h3>\n<p><p class=\"translation-block\">With your consent, we process your personal data using <a target=\"_blank\" href=\"https:\/\/www.google.at\/maps\">Google Maps<\/a>, Google LLC, Amphitheatre Parkway, Mountain View, CA 94043, USA as joint controllers for displaying interactive maps on our website.<\/p>\n<p>We allow the service to collect connection data, browser information and place an advertising cookie. By placing advertising cookies, Google can calculate an individual user ID for each user. These suitable personal data for unique identification will then be processed within Google's advertising network.<\/p>\n<p class=\"translation-block\">If Google processes data independently, especially within Google's advertising network, Google is solely responsible for it. Details can be found in Google's  <a target=\"_blank\" href=\"https:\/\/policies.google.com\/privacy?gl=AT&amp;hl=de#intro\">Privacy Policy<\/a>.<\/p>\n<p class=\"translation-block\">Not giving your consent will only result in Google Maps not being available to you. You can revoke your consent by changing your <a target=\"_blank\" class=\"lwb-ppsp\" href=\"#\" title=\"Datenschutzeinstellungen\">Privacy Settings<\/a> .<\/p>\n<p>The legal basis for data processing is your consent according to Art. 6 para. 1 lit. a GDPR.<\/p>\n<p>The Google group transfers your personal data to the USA. The legal basis for data transfer to the USA is your consent according to Art. 49 para. 1 lit. a in conjunction with Art. 6 para. 1 lit. a GDPR in connection with \u00a725 TTDSG. You were informed before giving your consent that the USA lacks an EU-level data protection standard. US authorities may access your data without you being informed or having legal recourse. For this reason, the European Court of Justice declared the former adequacy decision (Privacy Shield) invalid.<\/p>\n<\/p>\n<h2>Analysedienste<\/h2>\n<h3>WP Statistics<\/h3>\n<p><p class=\"translation-block\">For searching and analysing errors, evaluating usage and deriving measures for future development of our website, we process your data using local analysis software <a target=\"_blank\" href=\"https:\/\/wordpress.org\/plugins\/wp-statistics\/\">WP-Statistics<\/a>, WordPress.<\/p>\n<p>As this service is a local analysis tool, no personal data is transferred to the service provider or third parties. Furthermore, your personal data is anonymised immediately after collection beyond the initial processing step. There is no further storage of personal data.<\/p>\n<p>The legal basis for the data processing is the legitimate interest (absolute technical necessity to provide and deliver the service you explicitly requested by accessing it) pursuant to Art. 6 para. 1 lit. f GDPR.<\/p>\n<\/p>\n<h2>Widerspruchsrecht<\/h2>\n<p><p>If your personal data is processed based on legitimate interests, you have the right to object to this processing.<\/p>\n<p>If there are no compelling legitimate grounds for our processing that override your interests, rights and freedoms, we will stop processing your data based on this legal basis.<\/p>\n<p>You also have the right to object to the processing of your personal data for direct marketing purposes. In case of objection, we will cease processing your personal data for direct marketing purposes<\/p>\n<p>Your objection does not affect the lawfulness of processing carried out before you objected.<\/p>\n<\/p>\n<h2>Widerrufsrecht<\/h2>\n<p><p class=\"translation-block\">You can revoke your consent at any time by changing your <a target=\"_blank\" class=\"lwb-ppsp\" href=\"#\" title=\"privacy settings\">privacy settings<\/a>.<\/p>\n<p>If you have given consent for receiving electronic advertising, you can withdraw your consent by clicking on the unsubscribe link. In this case, processing will cease unless there is another legal basis.<\/p>\n<p>Your withdrawal does not affect the lawfulness of processing carried out before you withdrew your consent.<\/p>\n<\/p>\n<h2>Betroffenenrechte<\/h2>\n<p><p>You have the right to information, rectification, erasure and restriction of processing of personal data.<\/p>\n<p>If processing of your personal data is based on your consent or a contract concluded with you, you also have the right to data portability. <\/p>\n<p class=\"translation-block\">You also have the right to lodge a complaint with a supervisory authority. Further information on supervisory authorities in the European Union can be found <a target=\"_blank\" href=\"https:\/\/ec.europa.eu\/justice\/article-29\/structure\/data-protection-authorities\/index_en.htm\" title=\"Datenschutzbeh\u00f6rden\">here<\/a>.<\/p><\/p>\n<\/p>","protected":false},"author":1,"featured_media":0,"parent":0,"menu_order":0,"comment_status":"closed","ping_status":"closed","template":"","meta":{"_et_pb_use_builder":"on","_et_pb_old_content":"[privacy_policy]","_et_gb_content_width":"","footnotes":""},"difl_page_category":[],"class_list":["post-1265","page","type-page","status-publish","hentry"],"aioseo_notices":[],"_links":{"self":[{"href":"https:\/\/seeappartement-marina.at\/en\/wp-json\/wp\/v2\/pages\/1265","targetHints":{"allow":["GET"]}}],"collection":[{"href":"https:\/\/seeappartement-marina.at\/en\/wp-json\/wp\/v2\/pages"}],"about":[{"href":"https:\/\/seeappartement-marina.at\/en\/wp-json\/wp\/v2\/types\/page"}],"author":[{"embeddable":true,"href":"https:\/\/seeappartement-marina.at\/en\/wp-json\/wp\/v2\/users\/1"}],"replies":[{"embeddable":true,"href":"https:\/\/seeappartement-marina.at\/en\/wp-json\/wp\/v2\/comments?post=1265"}],"version-history":[{"count":2,"href":"https:\/\/seeappartement-marina.at\/en\/wp-json\/wp\/v2\/pages\/1265\/revisions"}],"predecessor-version":[{"id":1268,"href":"https:\/\/seeappartement-marina.at\/en\/wp-json\/wp\/v2\/pages\/1265\/revisions\/1268"}],"wp:attachment":[{"href":"https:\/\/seeappartement-marina.at\/en\/wp-json\/wp\/v2\/media?parent=1265"}],"wp:term":[{"taxonomy":"difl_page_category","embeddable":true,"href":"https:\/\/seeappartement-marina.at\/en\/wp-json\/wp\/v2\/difl_page_category?post=1265"}],"curies":[{"name":"wp","href":"https:\/\/api.w.org\/{rel}","templated":true}]}}