{"id":337,"date":"2024-03-04T12:00:03","date_gmt":"2024-03-04T12:00:03","guid":{"rendered":"https:\/\/seeappartement-marina.expose.at\/?page_id=337"},"modified":"2024-03-27T15:49:48","modified_gmt":"2024-03-27T15:49:48","slug":"appartements","status":"publish","type":"page","link":"https:\/\/seeappartement-marina.at\/en\/appartements\/","title":{"rendered":"Apartments"},"content":{"rendered":"<p>[et_pb_section fb_built=&#8220;1&#8243; fullwidth=&#8220;on&#8220; _builder_version=&#8220;4.24.2&#8243; _module_preset=&#8220;default&#8220; background_image=&#8220;https:\/\/seeappartement-marina.at\/wp-content\/uploads\/2024\/03\/app_hg1-1024&#215;110-1.jpg&#8220; global_module=&#8220;760&#8243; global_colors_info=&#8220;{}&#8220;][et_pb_fullwidth_header _builder_version=&#8220;4.24.2&#8243; _module_preset=&#8220;default&#8220; title_font=&#8220;|600|||||||&#8220; title_text_color=&#8220;#FFFFFF&#8220; title_font_size=&#8220;35px&#8220; background_color=&#8220;RGBA(255,255,255,0)&#8220; background_image=&#8220;https:\/\/seeappartement-marina.expose.at\/wp-content\/uploads\/2024\/03\/app_hg1-1024&#215;110-1.jpg&#8220; background_position=&#8220;top_left&#8220; height=&#8220;118px&#8220; height_tablet=&#8220;118px&#8220; height_phone=&#8220;122px&#8220; height_last_edited=&#8220;on|phone&#8220; custom_margin=&#8220;-37px||||false|false&#8220; custom_padding=&#8220;||115px||false|false&#8220; title_text_shadow_style=&#8220;preset2&#8243; title_text_shadow_color=&#8220;#000000&#8243; global_colors_info=&#8220;{}&#8220;][\/et_pb_fullwidth_header][\/et_pb_section][et_pb_section fb_built=&#8220;1&#8243; custom_padding_last_edited=&#8220;on|phone&#8220; disabled_on=&#8220;on|on|off&#8220; _builder_version=&#8220;4.24.2&#8243; _module_preset=&#8220;default&#8220; background_color=&#8220;rgba(75,160,188,0.19)&#8220; width_tablet=&#8220;&#8220; width_phone=&#8220;&#8220; width_last_edited=&#8220;on|phone&#8220; height_tablet=&#8220;970px&#8220; height_phone=&#8220;967px&#8220; height_last_edited=&#8220;on|tablet&#8220; custom_margin=&#8220;||13px||false|false&#8220; custom_padding=&#8220;||0px||false|false&#8220; custom_padding_tablet=&#8220;||0px||false|false&#8220; custom_padding_phone=&#8220;||||false|false&#8220; bottom_divider_style=&#8220;waves2&#8243; bottom_divider_color=&#8220;#FFFFFF&#8220; bottom_divider_height=&#8220;28px&#8220; bottom_divider_repeat=&#8220;1x&#8220; bottom_divider_color_tablet=&#8220;&#8220; bottom_divider_color_phone=&#8220;&#8220; bottom_divider_color_last_edited=&#8220;on|phone&#8220; bottom_divider_height_tablet=&#8220;30px&#8220; bottom_divider_height_phone=&#8220;30px&#8220; bottom_divider_height_last_edited=&#8220;on|tablet&#8220; global_colors_info=&#8220;{}&#8220; height__hover_enabled=&#8220;off|desktop&#8220;][et_pb_row column_structure=&#8220;2_3,1_3&#8243; _builder_version=&#8220;4.24.2&#8243; _module_preset=&#8220;default&#8220; width=&#8220;85%&#8220; max_width=&#8220;1300px&#8220; max_width_tablet=&#8220;1250px&#8220; max_width_phone=&#8220;1250px&#8220; max_width_last_edited=&#8220;on|phone&#8220; custom_padding=&#8220;||8px|||&#8220; global_colors_info=&#8220;{}&#8220;][et_pb_column type=&#8220;2_3&#8243; _builder_version=&#8220;4.24.2&#8243; _module_preset=&#8220;default&#8220; transform_scale_tablet=&#8220;&#8220; transform_scale_phone=&#8220;&#8220; transform_scale_last_edited=&#8220;on|desktop&#8220; transform_translate=&#8220;0px|-110px&#8220; transform_translate_tablet=&#8220;0px|-110px&#8220; transform_translate_phone=&#8220;0px|-147px&#8220; transform_translate_last_edited=&#8220;on|tablet&#8220; transform_translate_linked=&#8220;off&#8220; transform_rotate_tablet=&#8220;&#8220; transform_rotate_phone=&#8220;&#8220; transform_rotate_last_edited=&#8220;on|desktop&#8220; transform_skew_tablet=&#8220;&#8220; transform_skew_phone=&#8220;&#8220; transform_skew_last_edited=&#8220;on|desktop&#8220; transform_origin_tablet=&#8220;&#8220; transform_origin_phone=&#8220;&#8220; transform_origin_last_edited=&#8220;on|desktop&#8220; transform_styles_last_edited=&#8220;on|tablet&#8220; transform_styles_tablet=&#8220;&#8220; transform_styles_phone=&#8220;&#8220; global_colors_info=&#8220;{}&#8220;][et_pb_image src=&#8220;https:\/\/seeappartement-marina.at\/wp-content\/uploads\/2024\/02\/LiegewieseSee001_1920px.jpeg&#8220; title_text=&#8220;Liegewiese+See001 1920px&#8220; _builder_version=&#8220;4.24.1&#8243; _module_preset=&#8220;default&#8220; global_colors_info=&#8220;{}&#8220;][\/et_pb_image][\/et_pb_column][et_pb_column type=&#8220;1_3&#8243; _builder_version=&#8220;4.24.2&#8243; _module_preset=&#8220;default&#8220; transform_scale_tablet=&#8220;&#8220; transform_scale_phone=&#8220;&#8220; transform_scale_last_edited=&#8220;on|desktop&#8220; transform_translate_tablet=&#8220;&#8220; transform_translate_phone=&#8220;&#8220; transform_translate_last_edited=&#8220;on|desktop&#8220; transform_rotate_tablet=&#8220;&#8220; transform_rotate_phone=&#8220;&#8220; transform_rotate_last_edited=&#8220;on|desktop&#8220; transform_skew_tablet=&#8220;&#8220; transform_skew_phone=&#8220;&#8220; transform_skew_last_edited=&#8220;on|desktop&#8220; transform_origin_tablet=&#8220;&#8220; transform_origin_phone=&#8220;&#8220; transform_origin_last_edited=&#8220;on|desktop&#8220; transform_styles_last_edited=&#8220;on|desktop&#8220; animation_style=&#8220;slide&#8220; animation_direction=&#8220;right&#8220; animation_delay=&#8220;300ms&#8220; animation_intensity_slide=&#8220;13%&#8220; transform_styles_tablet=&#8220;&#8220; transform_styles_phone=&#8220;&#8220; global_colors_info=&#8220;{}&#8220;][et_pb_text _builder_version=&#8220;4.24.2&#8243; _module_preset=&#8220;default&#8220; header_2_font=&#8220;Noto Sans||||||||&#8220; header_2_font_size=&#8220;32px&#8220; global_colors_info=&#8220;{}&#8220;]<\/p>\n<h2>Unsere Appartements<\/h2>\n<p>[\/et_pb_text][et_pb_text _builder_version=&#8220;4.24.2&#8243; _module_preset=&#8220;default&#8220; custom_padding=&#8220;||0px|||&#8220; global_colors_info=&#8220;{}&#8220;]<\/p>\n<p>P\u00f6rtschach am W\u00f6rthersee besticht durch seine nat\u00fcrliche Sch\u00f6nheit, reiche Geschichte und vielf\u00e4ltige Freizeitm\u00f6glichkeiten. Die Landschaft mit t\u00fcrkisblauem Wasser, umgeben von Bergen und \u00fcppiger Vegetation, ist atemberaubend. Historische Geb\u00e4ude wie die Pfarrkirche St. Primus und Felizian zeugen von der langen Geschichte des Ortes. Wassersport, Wanderungen, kulinarische Gen\u00fcsse und kulturelle Veranstaltungen bieten Abwechslung f\u00fcr Besucher. In unseren <strong>Seeappartements Marina<\/strong> k\u00f6nnen Sie genie\u00dfen und entspannen. P\u00f6rtschach am W\u00f6rthersee ist ein Ort voller Sch\u00f6nheit und Erlebnisse.<\/p>\n<p>[\/et_pb_text][\/et_pb_column][\/et_pb_row][\/et_pb_section][et_pb_section fb_built=&#8220;1&#8243; custom_padding_last_edited=&#8220;on|phone&#8220; next_background_color=&#8220;#ffffff&#8220; disabled_on=&#8220;off|off|on&#8220; _builder_version=&#8220;4.24.2&#8243; _module_preset=&#8220;default&#8220; background_color=&#8220;rgba(75,160,188,0.19)&#8220; width_tablet=&#8220;&#8220; width_phone=&#8220;&#8220; width_last_edited=&#8220;on|phone&#8220; height_tablet=&#8220;1000px&#8220; height_phone=&#8220;824px&#8220; height_last_edited=&#8220;on|tablet&#8220; custom_margin=&#8220;||13px||false|false&#8220; custom_padding=&#8220;||0px||false|false&#8220; custom_padding_tablet=&#8220;||56px||false|false&#8220; custom_padding_phone=&#8220;||19px||false|false&#8220; bottom_divider_style=&#8220;waves2&#8243; bottom_divider_height=&#8220;28px&#8220; bottom_divider_repeat=&#8220;1x&#8220; bottom_divider_color_tablet=&#8220;&#8220; bottom_divider_color_phone=&#8220;&#8220; bottom_divider_color_last_edited=&#8220;on|phone&#8220; bottom_divider_height_tablet=&#8220;30px&#8220; bottom_divider_height_phone=&#8220;30px&#8220; bottom_divider_height_last_edited=&#8220;on|tablet&#8220; hover_enabled=&#8220;0&#8243; global_colors_info=&#8220;{}&#8220; height__hover_enabled=&#8220;off|desktop&#8220; sticky_enabled=&#8220;0&#8243;][et_pb_row column_structure=&#8220;2_3,1_3&#8243; _builder_version=&#8220;4.24.2&#8243; _module_preset=&#8220;default&#8220; width=&#8220;88%&#8220; max_width=&#8220;1250px&#8220; max_width_tablet=&#8220;1250px&#8220; max_width_phone=&#8220;1250px&#8220; max_width_last_edited=&#8220;on|phone&#8220; custom_padding=&#8220;||8px|||&#8220; global_colors_info=&#8220;{}&#8220;][et_pb_column type=&#8220;2_3&#8243; _builder_version=&#8220;4.24.2&#8243; _module_preset=&#8220;default&#8220; transform_scale_tablet=&#8220;&#8220; transform_scale_phone=&#8220;&#8220; transform_scale_last_edited=&#8220;on|desktop&#8220; transform_translate=&#8220;0px|-110px&#8220; transform_translate_tablet=&#8220;0px|-110px&#8220; transform_translate_phone=&#8220;0px|-147px&#8220; transform_translate_last_edited=&#8220;on|tablet&#8220; transform_translate_linked=&#8220;off&#8220; transform_rotate_tablet=&#8220;&#8220; transform_rotate_phone=&#8220;&#8220; transform_rotate_last_edited=&#8220;on|desktop&#8220; transform_skew_tablet=&#8220;&#8220; transform_skew_phone=&#8220;&#8220; transform_skew_last_edited=&#8220;on|desktop&#8220; transform_origin_tablet=&#8220;&#8220; transform_origin_phone=&#8220;&#8220; transform_origin_last_edited=&#8220;on|desktop&#8220; transform_styles_last_edited=&#8220;on|tablet&#8220; transform_styles_tablet=&#8220;&#8220; transform_styles_phone=&#8220;&#8220; global_colors_info=&#8220;{}&#8220;][et_pb_image src=&#8220;https:\/\/seeappartement-marina.at\/wp-content\/uploads\/2024\/02\/LiegewieseSee001_1920px.jpeg&#8220; title_text=&#8220;Liegewiese+See001 1920px&#8220; _builder_version=&#8220;4.24.1&#8243; _module_preset=&#8220;default&#8220; global_colors_info=&#8220;{}&#8220;][\/et_pb_image][\/et_pb_column][et_pb_column type=&#8220;1_3&#8243; _builder_version=&#8220;4.24.2&#8243; _module_preset=&#8220;default&#8220; transform_scale_tablet=&#8220;&#8220; transform_scale_phone=&#8220;&#8220; transform_scale_last_edited=&#8220;on|desktop&#8220; transform_translate_tablet=&#8220;&#8220; transform_translate_phone=&#8220;0px|-142px&#8220; transform_translate_last_edited=&#8220;on|desktop&#8220; transform_translate_linked_phone=&#8220;off&#8220; transform_rotate_tablet=&#8220;&#8220; transform_rotate_phone=&#8220;&#8220; transform_rotate_last_edited=&#8220;on|desktop&#8220; transform_skew_tablet=&#8220;&#8220; transform_skew_phone=&#8220;&#8220; transform_skew_last_edited=&#8220;on|desktop&#8220; transform_origin_tablet=&#8220;&#8220; transform_origin_phone=&#8220;&#8220; transform_origin_last_edited=&#8220;on|desktop&#8220; transform_styles_last_edited=&#8220;on|desktop&#8220; animation_style=&#8220;slide&#8220; animation_direction=&#8220;right&#8220; animation_delay=&#8220;300ms&#8220; animation_intensity_slide=&#8220;13%&#8220; transform_styles_tablet=&#8220;&#8220; transform_styles_phone=&#8220;&#8220; global_colors_info=&#8220;{}&#8220;][et_pb_text _builder_version=&#8220;4.24.2&#8243; _module_preset=&#8220;default&#8220; header_2_font=&#8220;Noto Sans||||||||&#8220; header_2_font_size=&#8220;32px&#8220; global_colors_info=&#8220;{}&#8220;]<\/p>\n<h2>Unsere Appartements<\/h2>\n<p>[\/et_pb_text][et_pb_text _builder_version=&#8220;4.24.2&#8243; _module_preset=&#8220;default&#8220; custom_margin=&#8220;||59px|||&#8220; custom_padding=&#8220;||0px|||&#8220; global_colors_info=&#8220;{}&#8220;]<\/p>\n<p>P\u00f6rtschach am W\u00f6rthersee besticht durch seine nat\u00fcrliche Sch\u00f6nheit, reiche Geschichte und vielf\u00e4ltige Freizeitm\u00f6glichkeiten. Die Landschaft mit t\u00fcrkisblauem Wasser, umgeben von Bergen und \u00fcppiger Vegetation, ist atemberaubend. Historische Geb\u00e4ude wie die Pfarrkirche St. Primus und Felizian zeugen von der langen Geschichte des Ortes. Wassersport, Wanderungen, kulinarische Gen\u00fcsse und kulturelle Veranstaltungen bieten Abwechslung f\u00fcr Besucher. In unseren <strong>Seeappartements Marina<\/strong> k\u00f6nnen Sie genie\u00dfen und entspannen. P\u00f6rtschach am W\u00f6rthersee ist ein Ort voller Sch\u00f6nheit und Erlebnisse.<\/p>\n<p>[\/et_pb_text][\/et_pb_column][\/et_pb_row][\/et_pb_section][et_pb_section fb_built=&#8220;1&#8243; custom_padding_last_edited=&#8220;on|tablet&#8220; _builder_version=&#8220;4.24.2&#8243; _module_preset=&#8220;default&#8220; width=&#8220;100%&#8220; max_width=&#8220;100%&#8220; max_width_tablet=&#8220;93%&#8220; max_width_phone=&#8220;100%&#8220; max_width_last_edited=&#8220;on|tablet&#8220; module_alignment=&#8220;center&#8220; custom_margin_tablet=&#8220;&#8220; custom_margin_phone=&#8220;-33px||||false|false&#8220; custom_margin_last_edited=&#8220;on|tablet&#8220; custom_padding=&#8220;21px||||false|false&#8220; custom_padding_tablet=&#8220;||||false|false&#8220; custom_padding_phone=&#8220;|||0px|false|false&#8220; hover_enabled=&#8220;0&#8243; module_alignment_tablet=&#8220;center&#8220; module_alignment_phone=&#8220;center&#8220; module_alignment_last_edited=&#8220;on|desktop&#8220; global_colors_info=&#8220;{}&#8220; sticky_enabled=&#8220;0&#8243;][et_pb_row column_structure=&#8220;1_3,1_3,1_3&#8243; custom_padding_last_edited=&#8220;on|tablet&#8220; _builder_version=&#8220;4.24.2&#8243; _module_preset=&#8220;default&#8220; width=&#8220;85%&#8220; width_tablet=&#8220;96%&#8220; width_phone=&#8220;84%&#8220; width_last_edited=&#8220;on|tablet&#8220; max_width=&#8220;1300px&#8220; max_width_tablet=&#8220;1377px&#8220; max_width_phone=&#8220;1377px&#8220; max_width_last_edited=&#8220;on|phone&#8220; module_alignment=&#8220;center&#8220; custom_padding=&#8220;||||false|false&#8220; custom_padding_tablet=&#8220;||||false|false&#8220; custom_padding_phone=&#8220;||||false|false&#8220; module_alignment_tablet=&#8220;center&#8220; module_alignment_phone=&#8220;center&#8220; module_alignment_last_edited=&#8220;on|tablet&#8220; global_colors_info=&#8220;{}&#8220;][et_pb_column type=&#8220;1_3&#8243; _builder_version=&#8220;4.24.2&#8243; _module_preset=&#8220;default&#8220; custom_padding_tablet=&#8220;&#8220; custom_padding_phone=&#8220;&#8220; custom_padding_last_edited=&#8220;on|tablet&#8220; global_colors_info=&#8220;{}&#8220;][difl_imagehover image=&#8220;https:\/\/seeappartement-marina.at\/wp-content\/uploads\/2024\/02\/EG.jpg&#8220; title_text=&#8220;Erdgeschoss&#8220; content_position=&#8220;c4-layout-bottom-center&#8220; _builder_version=&#8220;4.24.1&#8243; _dynamic_attributes=&#8220;link_option_url&#8220; _module_preset=&#8220;default&#8220; title_font_size=&#8220;19px&#8220; module_alignment=&#8220;center&#8220; link_option_url=&#8220;@ET-DC@eyJkeW5hbWljIjp0cnVlLCJjb250ZW50IjoicG9zdF9saW5rX3VybF9wYWdlIiwic2V0dGluZ3MiOnsicG9zdF9pZCI6IjQ4In19@&#8220; global_colors_info=&#8220;{}&#8220;][\/difl_imagehover][et_pb_text _builder_version=&#8220;4.24.1&#8243; _module_preset=&#8220;default&#8220; text_font=&#8220;|600||on|||||&#8220; header_3_font=&#8220;|600|||||||&#8220; global_colors_info=&#8220;{}&#8220;]<\/p>\n<h3 style=\"text-align: center;\">Appartement 1 und 2<\/h3>\n<p>[\/et_pb_text][\/et_pb_column][et_pb_column type=&#8220;1_3&#8243; _builder_version=&#8220;4.24.2&#8243; _module_preset=&#8220;default&#8220; global_colors_info=&#8220;{}&#8220;][difl_imagehover image=&#8220;https:\/\/seeappartement-marina.at\/wp-content\/uploads\/2024\/02\/A4-Wohnen_1920px.jpg&#8220; title_text=&#8220;A4 Wohnen 1920px&#8220; content_position=&#8220;c4-layout-bottom-center&#8220; _builder_version=&#8220;4.24.2&#8243; _dynamic_attributes=&#8220;link_option_url&#8220; _module_preset=&#8220;default&#8220; title_font_size=&#8220;19px&#8220; module_alignment=&#8220;center&#8220; link_option_url=&#8220;@ET-DC@eyJkeW5hbWljIjp0cnVlLCJjb250ZW50IjoicG9zdF9saW5rX3VybF9wYWdlIiwic2V0dGluZ3MiOnsicG9zdF9pZCI6IjEwNzkifX0=@&#8220; global_colors_info=&#8220;{}&#8220;][\/difl_imagehover][et_pb_text _builder_version=&#8220;4.24.1&#8243; _module_preset=&#8220;default&#8220; text_font=&#8220;|600||on|||||&#8220; header_3_font=&#8220;|600|||||||&#8220; global_colors_info=&#8220;{}&#8220;]<\/p>\n<h3 style=\"text-align: center;\">Appartement 3 und 4<\/h3>\n<p>[\/et_pb_text][\/et_pb_column][et_pb_column type=&#8220;1_3&#8243; _builder_version=&#8220;4.24.2&#8243; _module_preset=&#8220;default&#8220; global_colors_info=&#8220;{}&#8220;][difl_imagehover image=&#8220;https:\/\/seeappartement-marina.at\/wp-content\/uploads\/2024\/03\/Seeappartement-Marina-innen016_1920px.jpg&#8220; title_text=&#8220;Seeappartement Marina Innen016 1920px&#8220; content_position=&#8220;c4-layout-bottom-center&#8220; _builder_version=&#8220;4.24.2&#8243; _dynamic_attributes=&#8220;link_option_url&#8220; _module_preset=&#8220;default&#8220; title_font_size=&#8220;19px&#8220; module_alignment=&#8220;center&#8220; link_option_url=&#8220;@ET-DC@eyJkeW5hbWljIjp0cnVlLCJjb250ZW50IjoicG9zdF9saW5rX3VybF9wYWdlIiwic2V0dGluZ3MiOnsicG9zdF9pZCI6IjEwODEifX0=@&#8220; global_colors_info=&#8220;{}&#8220;][\/difl_imagehover][et_pb_text _builder_version=&#8220;4.24.1&#8243; _module_preset=&#8220;default&#8220; text_font=&#8220;|600||on|||||&#8220; header_3_font=&#8220;|600|||||||&#8220; global_colors_info=&#8220;{}&#8220;]<\/p>\n<h3 style=\"text-align: center;\">Appartement 5 und 6<\/h3>\n<p>[\/et_pb_text][\/et_pb_column][\/et_pb_row][\/et_pb_section]<\/p>\n","protected":false},"excerpt":{"rendered":"<p>Unsere AppartementsP\u00f6rtschach am W\u00f6rthersee besticht durch seine nat\u00fcrliche Sch\u00f6nheit, reiche Geschichte und vielf\u00e4ltige Freizeitm\u00f6glichkeiten. Die Landschaft mit t\u00fcrkisblauem Wasser, umgeben von Bergen und \u00fcppiger Vegetation, ist atemberaubend. Historische Geb\u00e4ude wie die Pfarrkirche St. Primus und Felizian zeugen von der langen Geschichte des Ortes. Wassersport, Wanderungen, kulinarische Gen\u00fcsse und kulturelle Veranstaltungen bieten Abwechslung f\u00fcr Besucher. In [&hellip;]<\/p>\n","protected":false},"author":1,"featured_media":0,"parent":0,"menu_order":0,"comment_status":"closed","ping_status":"closed","template":"","meta":{"_et_pb_use_builder":"on","_et_pb_old_content":"","_et_gb_content_width":"","footnotes":""},"difl_page_category":[],"class_list":["post-337","page","type-page","status-publish","hentry"],"aioseo_notices":[],"_links":{"self":[{"href":"https:\/\/seeappartement-marina.at\/en\/wp-json\/wp\/v2\/pages\/337","targetHints":{"allow":["GET"]}}],"collection":[{"href":"https:\/\/seeappartement-marina.at\/en\/wp-json\/wp\/v2\/pages"}],"about":[{"href":"https:\/\/seeappartement-marina.at\/en\/wp-json\/wp\/v2\/types\/page"}],"author":[{"embeddable":true,"href":"https:\/\/seeappartement-marina.at\/en\/wp-json\/wp\/v2\/users\/1"}],"replies":[{"embeddable":true,"href":"https:\/\/seeappartement-marina.at\/en\/wp-json\/wp\/v2\/comments?post=337"}],"version-history":[{"count":5,"href":"https:\/\/seeappartement-marina.at\/en\/wp-json\/wp\/v2\/pages\/337\/revisions"}],"predecessor-version":[{"id":1448,"href":"https:\/\/seeappartement-marina.at\/en\/wp-json\/wp\/v2\/pages\/337\/revisions\/1448"}],"wp:attachment":[{"href":"https:\/\/seeappartement-marina.at\/en\/wp-json\/wp\/v2\/media?parent=337"}],"wp:term":[{"taxonomy":"difl_page_category","embeddable":true,"href":"https:\/\/seeappartement-marina.at\/en\/wp-json\/wp\/v2\/difl_page_category?post=337"}],"curies":[{"name":"wp","href":"https:\/\/api.w.org\/{rel}","templated":true}]}}